{"id":45,"date":"2015-07-06T12:17:17","date_gmt":"2015-07-06T12:17:17","guid":{"rendered":"http:\/\/tainalaiho.fi\/?page_id=45"},"modified":"2025-10-18T14:25:48","modified_gmt":"2025-10-18T14:25:48","slug":"aanitteet-ja-kokoonpanot","status":"publish","type":"page","link":"https:\/\/tainalaiho.fi\/?page_id=45","title":{"rendered":"\u00c4\u00e4nitteet ja kokoonpanot"},"content":{"rendered":"<p>L\u00e4himp\u00e4n\u00e4 syd\u00e4nt\u00e4ni on kaikki hyvin s\u00e4velletty, sovitettu ja esitetty musiikki, edusti se mit\u00e4 tyyli\u00e4 tahansa. Muutamia omia s\u00e4vellyksi\u00e4, sovituksia ja jopa sanoituksia on my\u00f6s syntynyt luonnostaan ajan kuluessa. Oma CD-levyni Garota de m\u00fasica eli &#8221;musiikkitytt\u00f6&#8221; ilmestyi maaliskuussa 2016, ja levyj\u00e4\u00a0voi ostaa minulta 10 \u20ac\/kpl (+ postikulut). \u00c4\u00e4nitteell\u00e4 on tanssi- ja muutakin musiikkia, my\u00f6s omia s\u00e4vellyksi\u00e4.<\/p>\n<div id=\"attachment_157\" style=\"width: 411px\" class=\"wp-caption alignleft\"><a href=\"http:\/\/tainalaiho.fi\/wp-content\/uploads\/2016\/04\/etukansi.jpg\"><img aria-describedby=\"caption-attachment-157\" loading=\"lazy\" class=\"wp-image-157 \" src=\"http:\/\/tainalaiho.fi\/wp-content\/uploads\/2016\/04\/etukansi-300x276.jpg\" alt=\"\" width=\"401\" height=\"369\" srcset=\"https:\/\/tainalaiho.fi\/wp-content\/uploads\/2016\/04\/etukansi-300x276.jpg 300w, https:\/\/tainalaiho.fi\/wp-content\/uploads\/2016\/04\/etukansi.jpg 607w\" sizes=\"(max-width: 401px) 100vw, 401px\" \/><\/a><p id=\"caption-attachment-157\" class=\"wp-caption-text\">CD ilmestyi 18.3.2016. Kuva Antti Kev\u00e4tlahti.<\/p><\/div>\n<p><a href=\"http:\/\/tainalaiho.fi\/wp-content\/uploads\/2016\/04\/kansi-kappaleet-2.jpg\" rel=\"attachment wp-att-162\"><img loading=\"lazy\" class=\"wp-image-162 alignleft\" src=\"http:\/\/tainalaiho.fi\/wp-content\/uploads\/2016\/04\/kansi-kappaleet-2-300x226.jpg\" alt=\"kansi kappaleet\" width=\"491\" height=\"370\" srcset=\"https:\/\/tainalaiho.fi\/wp-content\/uploads\/2016\/04\/kansi-kappaleet-2-300x226.jpg 300w, https:\/\/tainalaiho.fi\/wp-content\/uploads\/2016\/04\/kansi-kappaleet-2-624x470.jpg 624w, https:\/\/tainalaiho.fi\/wp-content\/uploads\/2016\/04\/kansi-kappaleet-2.jpg 636w\" sizes=\"(max-width: 491px) 100vw, 491px\" \/><\/a><\/p>\n<p><em>Levyn masterointi Hannu V\u00e4liaho, <a href=\"http:\/\/www.musatalo.fi\/\" target=\"_blank\" rel=\"noopener noreferrer\">Musatalo!<\/a><\/em><\/p>\n<p><strong><span style=\"color: #000000;\">Musiikkia \u00e4\u00e4nitteelt\u00e4 Garota de m\u00fasica:<\/span><\/strong><\/p>\n<p><a href=\"http:\/\/tainalaiho.fi\/wp-content\/uploads\/2016\/04\/Dindi.mp3\">Dindi<\/a>\u00a0(s\u00e4v. A. C. Jobim, san. V. de Moraes,\u00a0esitt\u00e4\u00e4 Taina Laiho ja Jarmo Mattila)<\/p>\n<p><a href=\"http:\/\/tainalaiho.fi\/wp-content\/uploads\/2016\/04\/Talvitaksi.mp3\">Talvitaksi<\/a>\u00a0(s\u00e4v. Taina Laiho, esitt\u00e4\u00e4 Taina Laiho ja Jarmo Mattila)<\/p>\n<p><a href=\"http:\/\/tainalaiho.fi\/wp-content\/uploads\/2016\/04\/TULENLIEKIT.mp3\">Tulen liekit<\/a>\u00a0(s\u00e4v. &amp; san. T. Kosonen, esitt\u00e4\u00e4 Taina Laiho ja Jarmo Mattila)<\/p>\n<p><a href=\"http:\/\/tainalaiho.fi\/wp-content\/uploads\/2016\/04\/All-Shook-Up.mp3\">All Shook Up<\/a> (s\u00e4v. &amp; san. O. Blackwell \u2013 E. Presley,\u00a0esitt\u00e4\u00e4 Taina Laiho ja Jarmo Mattila)<\/p>\n<p><strong>Radio ja podcast:<\/strong><\/p>\n<p><strong>Iskelmien aarreaitta <\/strong>(<a href=\"http:\/\/radiorobinhood.fi\/\" target=\"_blank\" rel=\"noopener noreferrer\">Radio Robin Hood<\/a>\u00a091,5 MHz)<strong>, <\/strong>ohjelma levynteosta<strong>\u00a0<\/strong>esitetty \u00a0kokonaisuudessaan pe 20.5.2016, la 21.5.2016\u00a0ja\u00a0ti 24.5.2016. T\u00e4st\u00e4 voit kuunnella jutun osissa: <a href=\"http:\/\/tainalaiho.fi\/wp-content\/uploads\/2017\/01\/Radio-Robin-Hood-osa-1_3.mp3\">Radio Robin Hood osa 1_3<\/a>, <a href=\"http:\/\/tainalaiho.fi\/wp-content\/uploads\/2017\/01\/Radio-Robin-Hood-osa-2_3.mp3\">osa 2<\/a> ja <a href=\"http:\/\/tainalaiho.fi\/wp-content\/uploads\/2017\/01\/Radio-Robin-Hood-osa-3_3.mp3\">osa 3<\/a>.<\/p>\n<p><strong>Haitarinomistaja<\/strong>-podcast 4.9.2024: <a href=\"https:\/\/www.youtube.com\/watch?v=4vU6jnVN0fE\">Haitarinomistaja 17 Taina Laiho Heikki Hannula<\/a><\/p>\n<p><strong>Muuta musiikkia<\/strong><\/p>\n<p><a href=\"https:\/\/youtu.be\/3nQh1jWpGbI\">My Only One<\/a> (s\u00e4v. &amp; san. <span class=\"yt-core-attributed-string yt-core-attributed-string--white-space-pre-wrap\" dir=\"auto\" role=\"text\"><span class=\"yt-core-attributed-string--link-inherit-color\" dir=\"auto\">Raul Wikstr\u00f6m, tausta Jarmo Mattila, \u00e4\u00e4nitysvuosi 2024)<\/span><\/span><\/p>\n<p><a href=\"https:\/\/www.youtube.com\/watch?v=gMFqNOUJQm4\">Niin paljon kuuluu rakkauteen<\/a> (s\u00e4v. Sammy Fain, suom. san. Saukki, <span class=\"yt-core-attributed-string yt-core-attributed-string--white-space-pre-wrap\" dir=\"auto\" role=\"text\"><span class=\"yt-core-attributed-string--link-inherit-color\" dir=\"auto\">tausta Jarmo Mattila, \u00e4\u00e4nitysvuosi 2024)<\/span><\/span><\/p>\n<p>Eki Hakanp\u00e4\u00e4 julkaisi 2024 s\u00e4vellykseni <a href=\"https:\/\/www.youtube.com\/watch?v=bcOxTgz6Lw0\">Tytt\u00f6 Unelmien<\/a> (s\u00e4v. Taina Laiho, san. Jarmo Mattila).<\/p>\n<p>Aki Korhonen\u00a0julkaisi 2016\u00a0sinkun <a href=\"http:\/\/tainalaiho.fi\/wp-content\/uploads\/2016\/06\/DEJA-VU.mp3\">Deja vu<\/a>\u00a0(s\u00e4v. Taina Laiho, san. Jarmo Mattila, sov. Saku Mattila &amp;\u00a0Tero Lindberg). Katso <a href=\"https:\/\/youtu.be\/MSKstjPAtuc\">Youtube-video<\/a>!<\/p>\n<p><a href=\"http:\/\/tainalaiho.fi\/wp-content\/uploads\/2015\/07\/Napoleonin-h\u00e4\u00e4marssi-n2.mp3\">Napoleonin h\u00e4\u00e4marssi<\/a> (s\u00e4v. trad., sov. Taina Laiho, esitt\u00e4\u00e4 Anne-Marie Turppa ja Taina Laiho)<\/p>\n<p><a href=\"http:\/\/tainalaiho.fi\/wp-content\/uploads\/2015\/07\/Naishaitaristi.mp3\">Naishaitaristi<\/a>\u00a0(s\u00e4v. Taina Laiho, san. Jarmo Mattila, esitt\u00e4\u00e4 Juhani Virran yhtye \u00e4\u00e4nitteell\u00e4 Sua ilman)<\/p>\n<p><a href=\"http:\/\/tainalaiho.fi\/wp-content\/uploads\/2015\/07\/Italo-Irish-n3.mp3\">Italo Irish<\/a> (s\u00e4v. Taina Laiho)<\/p>\n<p><a href=\"http:\/\/tainalaiho.fi\/wp-content\/uploads\/2015\/07\/Shanty-sikerm\u00e4-n2.mp3\">Shanty-sikerm\u00e4<\/a> (s\u00e4v. trad., sov. Taina Laiho)<\/p>\n<p><a href=\"http:\/\/tainalaiho.fi\/wp-content\/uploads\/2021\/10\/Naimisiinko-2021-10.mp3\">Naimisiinko<\/a> (trad., laulu ja harmonikka Taina Laiho, tausta Jarmo Mattila)<\/p>\n<p><a href=\"http:\/\/tainalaiho.fi\/wp-content\/uploads\/2015\/07\/Irlantilainen-polkkapotpuri-n3.mp3\">Irlantilainen polkkapotpuri<\/a> (s\u00e4v. trad., sov. Taina Laiho)<\/p>\n<div id=\"attachment_88\" style=\"width: 310px\" class=\"wp-caption alignright\"><a href=\"http:\/\/tainalaiho.fi\/wp-content\/uploads\/2015\/07\/LY5A2006-b.jpg\"><img aria-describedby=\"caption-attachment-88\" loading=\"lazy\" class=\"wp-image-88\" src=\"http:\/\/tainalaiho.fi\/wp-content\/uploads\/2015\/07\/LY5A2006-b.jpg\" alt=\"\" width=\"300\" height=\"450\" srcset=\"https:\/\/tainalaiho.fi\/wp-content\/uploads\/2015\/07\/LY5A2006-b.jpg 1920w, https:\/\/tainalaiho.fi\/wp-content\/uploads\/2015\/07\/LY5A2006-b-200x300.jpg 200w, https:\/\/tainalaiho.fi\/wp-content\/uploads\/2015\/07\/LY5A2006-b-683x1024.jpg 683w, https:\/\/tainalaiho.fi\/wp-content\/uploads\/2015\/07\/LY5A2006-b-624x936.jpg 624w\" sizes=\"(max-width: 300px) 100vw, 300px\" \/><\/a><p id=\"caption-attachment-88\" class=\"wp-caption-text\">Kuva Antti Kev\u00e4tlahti.<\/p><\/div>\n<p><strong>\u00c4\u00e4nitteet, joilla soitan tai laulan<\/strong><\/p>\n<ul>\n<li>Tutta Carpelan: Mikset voi rakastaa? (2021)<\/li>\n<li>Rafael de Swarte &amp; The Angels: Night Rain (2020)<\/li>\n<li>Hannele Liski: Olet rakkain aina mulle (2020). Harmonikka kappaleessa Olet rakkain aina mulle<\/li>\n<li>Rafael de Swarte: Pohjan neito (2019)<\/li>\n<li>Peppe Haapakoski: Yksin\u00e4inen saarnipuu (2018)<\/li>\n<li>Eero Laiho: Pienen pojan haaveet (2017)<\/li>\n<li>Harry &amp; Timo: Greatest Hits Vol. 2 (2017)<\/li>\n<li>Pentti\u00a0Nordstr\u00f6m: Lauluja vuosien varrelta (2016)<\/li>\n<li>Juhani Virta: Joulun aikaa, Joulun taikaa (2016)<\/li>\n<li>Hannele Liski: Lauluja sinulle (2016). Harmonikka kappaleessa Kaikki kauniit hetket<\/li>\n<li>Taina Laiho: Garota de m\u00fasica (2016)<\/li>\n<li>Ola Mikola: Joulu syd\u00e4meen (2015)<\/li>\n<li>Turun Harmonikkakerho: S\u00e4velten siivin 3 (2015)<\/li>\n<li>Pentti\u00a0Nordstr\u00f6m: Joulun tunnelmissa (2014)<\/li>\n<li>Aki Korhonen: Rakkauden karnevaalit\u00a0 (2014)<\/li>\n<li>Juhani Virta: Sua ilman (2014)<\/li>\n<li>Keijo Nurmen yhtye: Alttaritaulutaivas (2013)<\/li>\n<li>Pertti Lahti: H\u00e4n on poissa (2011)<\/li>\n<li>Hanna Nordell: Tule l\u00e4hteelle (2010)<\/li>\n<li>Turun Harmonikkakerho: S\u00e4velten siivin 2 (2009)<\/li>\n<li>Turun Pursiseura: Ulos merelle! (2006)<\/li>\n<li>Turun Harmonikkakerho: S\u00e4velten siivin 1 (2004)<\/li>\n<li>Fyyrkantin pelimannit: Laulu Turulle (1997)<\/li>\n<\/ul>\n<p><strong>\u00c4\u00e4nitteet, joilla on\u00a0s\u00e4vellyksi\u00e4ni<\/strong><\/p>\n<ul>\n<li>Hannele Liski: Olet rakkain aina mulle (2020). S\u00e4vellys &#8221;<a href=\"https:\/\/www.youtube.com\/watch?v=aOLbyrUxDbs\">Olet rakkain aina mulle<\/a>&#8221; (yhdess\u00e4 Jarmo Mattilan kanssa), &#8221;Kenk\u00e4 lensi&#8221;, &#8221;Rakkain oothan mun&#8221; ja &#8221;Muistojen siltaa -remix&#8221;<\/li>\n<li>Terttu Honkaranta: Terttu Honkaranta (2020). S\u00e4vellys &#8221;<a href=\"https:\/\/www.youtube.com\/watch?v=cIpwoOPDo6I\">Kuiskaathan sen<\/a>&#8221;<\/li>\n<li>Pentti Nordstr\u00f6m: Lauluja vuosien varrelta (2016). S\u00e4vellys &#8221;<a href=\"https:\/\/www.youtube.com\/watch?v=qm2jb79Afyo\">Valkoruusut<\/a>&#8221;<\/li>\n<li>Hannele Liski: Lauluja sinulle (2016). S\u00e4vellykset &#8221;<a href=\"https:\/\/www.youtube.com\/watch?v=GpgvaRsxNEY\">Muistojen siltaa<\/a>&#8221; ja &#8221;<a href=\"https:\/\/www.youtube.com\/watch?v=0FE075twnkA\">Miks&#8217; on niin<\/a>&#8221; (huom. levyn teostietoihin on t\u00e4m\u00e4n kappaleen kohdalla lipsahtanut virhe)<\/li>\n<li><a href=\"http:\/\/akikorhonen.fi\/\">Aki Korhonen<\/a><strong>: <\/strong><a href=\"http:\/\/tainalaiho.fi\/wp-content\/uploads\/2016\/06\/DEJA-VU.mp3\">Deja vu<\/a>\u00a0(2016). S\u00e4vellys &#8221;Deja vu&#8221;<\/li>\n<li>Taina Laiho: Garota de m\u00fasica (2016). S\u00e4vellys &#8221;Talvitaksi&#8221;, &#8221;Oi mamma mia&#8221; ja &#8221;Onnea yst\u00e4v\u00e4lle&#8221; (yhdess\u00e4 Jarmo Mattilan kanssa)<\/li>\n<li>Juhani Virta: Sua ilman (2014). S\u00e4vellys &#8221;Naishaitaristi&#8221;<\/li>\n<\/ul>\n<div id=\"attachment_227\" style=\"width: 331px\" class=\"wp-caption alignright\"><a href=\"http:\/\/tainalaiho.fi\/wp-content\/uploads\/2015\/07\/LY5A1421.jpg\"><img aria-describedby=\"caption-attachment-227\" loading=\"lazy\" class=\"wp-image-227\" src=\"http:\/\/tainalaiho.fi\/wp-content\/uploads\/2015\/07\/LY5A1421.jpg\" alt=\"\" width=\"321\" height=\"428\" srcset=\"https:\/\/tainalaiho.fi\/wp-content\/uploads\/2015\/07\/LY5A1421.jpg 3183w, https:\/\/tainalaiho.fi\/wp-content\/uploads\/2015\/07\/LY5A1421-225x300.jpg 225w, https:\/\/tainalaiho.fi\/wp-content\/uploads\/2015\/07\/LY5A1421-768x1024.jpg 768w, https:\/\/tainalaiho.fi\/wp-content\/uploads\/2015\/07\/LY5A1421-624x832.jpg 624w\" sizes=\"(max-width: 321px) 100vw, 321px\" \/><\/a><p id=\"caption-attachment-227\" class=\"wp-caption-text\">Kuva Antti Kev\u00e4tlahti.<\/p><\/div>\n<p><strong>S\u00e4vellyksi\u00e4 ja sanoituksia<\/strong><\/p>\n<ul>\n<li><a href=\"https:\/\/www.youtube.com\/watch?v=oHDNqtS9aEk\">Kuttilan samba<\/a> (s\u00e4v. Taina Laiho) 2022<\/li>\n<li><a href=\"https:\/\/www.youtube.com\/watch?v=MUKXsyTohCs\">Uimaretki Impolaan<\/a> (s\u00e4v. Taina Laiho) 2022<\/li>\n<li><a href=\"https:\/\/www.youtube.com\/watch?v=_xzfe6aD8Dg\">H\u00e4m\u00e4l\u00e4isen hidas<\/a> (s\u00e4v. Taina Laiho) 2022<\/li>\n<li><a href=\"https:\/\/www.youtube.com\/watch?v=XWQ0ce5R4ws\">Kanunki-tango<\/a> (s\u00e4v. Taina Laiho) 2022<\/li>\n<li>Vesijako (s\u00e4v. Taina Laiho, san. Jarmo Mattila) 2021<\/li>\n<li>Kaipaus (s\u00e4v. Kauko Tiistola, san. Taina Laiho) 2020<\/li>\n<li>Tuutulaulu (s\u00e4v. Kauko Tiistola, san. Taina Laiho) 2020<\/li>\n<li>Pieni kissa (s\u00e4v. Kauko Tiistola, san. Taina Laiho) 2020<\/li>\n<li>Kurki tanssii (s\u00e4v. Kauko Tiistola, san. Taina Laiho) 2020<\/li>\n<li>Savonlinna (s\u00e4v. ja san. Taina Laiho) 2020<\/li>\n<li>Kenk\u00e4 lensi (s\u00e4v. ja san. Taina Laiho) 2020<\/li>\n<li>Uudelleen el\u00e4m\u00e4\u00e4n (s\u00e4v. Taina Laiho, san. Toni Luotonen) 2020<\/li>\n<li>Rakkain oothan mun (s\u00e4v. ja san. Taina Laiho) 2019-2020<\/li>\n<li>Kissa vei kieleni (s\u00e4v. Taina Laiho, san. Jarmo Mattila) 2019<\/li>\n<li>Aina rinnakkain (s\u00e4v. ja san. Taina Laiho) 2018-2019<\/li>\n<li>Valon ja varjojen leikki (s\u00e4v. Taina Laiho, san. Jarmo Mattila) 2018<\/li>\n<li><a href=\"https:\/\/www.youtube.com\/watch?v=eyGfptcgLD0\">Juhliva humpparalli<\/a> (s\u00e4v. Taina Laiho, san. Jarmo Mattila) 2018<\/li>\n<li>Aivan toisiin maisemiin (s\u00e4v. Taina Laiho, san. Jarmo Mattila) 2018<\/li>\n<li>Yksin (s\u00e4v. Taina Laiho, san. Toni Luotonen) 2018<\/li>\n<li>Kes\u00e4inen laulelma (s\u00e4v. Taina Laiho) 2017<\/li>\n<li>Miks&#8217; on niin (s\u00e4v. Taina Laiho, san. Jarmo Mattila) 2016-2017<\/li>\n<li>Kuiskaathan sen (s\u00e4v. Taina Laiho, san. Jarmo Mattila) 2016<\/li>\n<li>Muistojen siltaa (s\u00e4v. Taina Laiho, san. Jarmo Mattila) 2016<\/li>\n<li>Valkoruusut (s\u00e4v. Taina Laiho, san. Jarmo Mattila) 2016<\/li>\n<li>Junakaveri (s\u00e4v. Taina Laiho, san. Jarmo Mattila) 2016<\/li>\n<li>Onnea yst\u00e4v\u00e4lle (s\u00e4v. ja san. yhdess\u00e4 Jarmo Mattilan kanssa) 2015<\/li>\n<li>Olet rakkain aina mulle&#8221; (yhdess\u00e4 Jarmo Mattilan kanssa) 2015<\/li>\n<li>Deja vu (s\u00e4v. Taina Laiho, san. Jarmo Mattila) 2015<\/li>\n<li>Oi mamma mia (s\u00e4v. Taina Laiho, san. Jarmo Mattila) 2015<\/li>\n<li>Naishaitaristi (s\u00e4v. Taina Laiho, san. Jarmo Mattila) 2014<\/li>\n<li>Talvitaksi (s\u00e4v. Taina Laiho) 2014<\/li>\n<li>Italo Irish (s\u00e4v. Taina Laiho) 2005<\/li>\n<\/ul>\n<p><strong>Sovituksia harmonikkakokoonpanoille<\/strong><\/p>\n<div id=\"attachment_16\" style=\"width: 546px\" class=\"wp-caption alignright\"><a href=\"http:\/\/tainalaiho.fi\/wp-content\/uploads\/2015\/05\/Trio-Accord-3.jpg\"><img aria-describedby=\"caption-attachment-16\" loading=\"lazy\" class=\" wp-image-16\" src=\"http:\/\/tainalaiho.fi\/wp-content\/uploads\/2015\/05\/Trio-Accord-3.jpg\" alt=\"\" width=\"536\" height=\"402\" srcset=\"https:\/\/tainalaiho.fi\/wp-content\/uploads\/2015\/05\/Trio-Accord-3.jpg 709w, https:\/\/tainalaiho.fi\/wp-content\/uploads\/2015\/05\/Trio-Accord-3-300x225.jpg 300w, https:\/\/tainalaiho.fi\/wp-content\/uploads\/2015\/05\/Trio-Accord-3-648x486.jpg 648w, https:\/\/tainalaiho.fi\/wp-content\/uploads\/2015\/05\/Trio-Accord-3-256x192.jpg 256w\" sizes=\"(max-width: 536px) 100vw, 536px\" \/><\/a><p id=\"caption-attachment-16\" class=\"wp-caption-text\">Trio Accord. Kuva Mervi Taur\u00e9n.<\/p><\/div>\n<ul>\n<li>Myrskyluodon Maija<\/li>\n<li>Romanssi (Tshaikovski)<\/li>\n<li>Paikka auringossa<\/li>\n<li>Kes\u00e4illan valssi<\/li>\n<li>Bourbon Street<\/li>\n<li>He&#8217;s a Pirate<\/li>\n<li>Everybody Wants to be a Cat<\/li>\n<li>Edelweiss<\/li>\n<li>Hijo de la Luna<\/li>\n<li>Jos minut viel\u00e4 kohtaat<\/li>\n<li>Krokotiilirock<\/li>\n<li>Levoton Tuhkimo<\/li>\n<li>Lent\u00e4j\u00e4n poika<\/li>\n<li>Posetiivi<\/li>\n<li>J\u00e4\u00e4hyv\u00e4iset Niilille<\/li>\n<li>Naantalin piparkakkuja<\/li>\n<li>Oblivion<\/li>\n<li>Poikamiehen jenkka<\/li>\n<li>Rakkauslaulu<\/li>\n<li>Sigyn-valssi<\/li>\n<li>Satuprinsessa<\/li>\n<li>Yesterday<\/li>\n<li>Sirkkojen tanssi<\/li>\n<li>Soittajan kaipuu<\/li>\n<li>Mets\u00e4kukkia poimittuna sielt\u00e4 t\u00e4\u00e4lt\u00e4<\/li>\n<li>Taas kaikki kauniit muistot<\/li>\n<li>T\u00e4hti, t\u00e4hdist\u00e4 kirkkain<\/li>\n<\/ul>\n<p><strong>Yhtyeet, orkesterit ja muut kokoonpanot kautta aikain<\/strong><\/p>\n<ul>\n<li>Taina Laihon yhtye<\/li>\n<li><a href=\"http:\/\/turunharmonikkakerho.net\/\" target=\"_blank\" rel=\"noopener noreferrer\">Turun Harmonikkakerho<\/a><\/li>\n<li><a href=\"http:\/\/www.gramofoni.fi\/ippe-mansikka\/\" target=\"_blank\" rel=\"noopener noreferrer\">Ippe Mansikka Orkesteri<\/a><\/li>\n<li><a href=\"http:\/\/www.timorautala.com\/\">Timo Rautala &amp; Atlas<\/a><\/li>\n<li>Juhani Virran yhtye<\/li>\n<li>Ola Mikola &amp; Pallax<\/li>\n<li>Aki Korhonen\u00a0ja Dejavu<\/li>\n<li><a href=\"http:\/\/www.ohjelmanurkka.fi\/artistit\/toni-tapani-seastar\/\" target=\"_blank\" rel=\"noopener noreferrer\">ToniTapani &amp; SeaStar<\/a><\/li>\n<li>Teemu M\u00e4ki &amp; tanssiorkesteri Te &amp; Me<\/li>\n<li>Duo Ataia<\/li>\n<li>Trio Accord<\/li>\n<li>Keijo Nurmen yhtye \/ Rytmiset<\/li>\n<li>Lauluyhtye Potero<\/li>\n<li>Turun Rautatiehanuristit<\/li>\n<li>Lapint\u00e4hti<\/li>\n<li><a href=\"https:\/\/www.facebook.com\/fyyrkantti\/\" target=\"_blank\" rel=\"noopener noreferrer\">Fyyrkantin Mummin ryhm\u00e4 \/ Myll\u00e4kk\u00e4<\/a><\/li>\n<li><a href=\"https:\/\/www.facebook.com\/fyyrkantti\/\" target=\"_blank\" rel=\"noopener noreferrer\">Fyyrkantin pelimannit<\/a><\/li>\n<li>Johannes Pelimannit<\/li>\n<li>Lauluyhtye Cantiamo<\/li>\n<li>Trio Taina Talvikki<\/li>\n<li>Masa Walli<\/li>\n<li>Tanssiyhtye Menokkaat<\/li>\n<li>Tanssiyhtye Pilke<\/li>\n<li><a href=\"http:\/\/www.tanssiyhtye.com\/apollo\/\" target=\"_blank\" rel=\"noopener noreferrer\">Jukka Ahola &amp; Apollo<\/a><\/li>\n<\/ul>\n<p><strong>Kerhotapahtumia<\/strong><\/p>\n<p>Turun Harmonikkakerhon viihdeorkesteri Ikaalisten <a href=\"https:\/\/www.youtube.com\/watch?v=VSUKg40DbFE\">puistolavalla 30.6.2023<\/a>, orkesterin johto<\/p>\n<p>Turun Harmonikkakerho <a href=\"https:\/\/www.youtube.com\/watch?v=REpvt0qzAWY\">18.7.2024 Turun kauppatorilla<\/a><\/p>\n<p>Turun Harmonikkakerhon viihdeorkesteri Raision <a href=\"https:\/\/www.youtube.com\/watch?v=gE83pVJjd9I\">Martinsalissa 3.9.2019<\/a>, orkesterin johto<\/p>\n<p>Turun Soitannollisen Kerhon tapahtuma Turun p\u00e4\u00e4kirjaston pihalla: Yhteislaulut 35.8.2024 &#8211; Katriina Rainio, Taina Laiho ja Timo Rautala, <a href=\"https:\/\/www.youtube.com\/watch?v=l_jgu8Wm6wE\">OmaKirjasto<\/a><\/p>\n<p>Turun Soitannollisen Kerhon tapahtuma Turun p\u00e4\u00e4kirjaston pihalla: Yhteislaulut 31.7.2023 &#8211; Katriina Rainio, Taina Laiho ja Timo Rautala, <a href=\"https:\/\/www.youtube.com\/watch?v=18qyO2YlORU\">OmaKirjasto<\/a><\/p>\n<p><strong>Humpparalli<\/strong><\/p>\n<p>Timo Rautala ja Taina Laiho feat. Hannu M\u00e4\u00e4tt\u00e4nen &#8211; <a href=\"https:\/\/www.youtube.com\/watch?v=uSmNY5KrNxE\">Uralin pihlaja<\/a> (Humpparalli merell\u00e4 2019)<\/p>\n<p><strong>Teatteriprojektit<\/strong><\/p>\n<ul>\n<li>Caminito &#8211; pieni tie, Turun Kisa-Veikkojen n\u00e4ytt\u00e4m\u00f6 Rientola ohj. Sirpa Karlsson, harmonikka, sovitukset &amp; orkesterin johto (2012)<\/li>\n<li>Kaneli GO! Porin Rakastajat-teatteri ohj. Taina Silkkola, harmonikka (2022)<\/li>\n<\/ul>\n","protected":false},"excerpt":{"rendered":"<p>L\u00e4himp\u00e4n\u00e4 syd\u00e4nt\u00e4ni on kaikki hyvin s\u00e4velletty, sovitettu ja esitetty musiikki, edusti se mit\u00e4 tyyli\u00e4 tahansa. Muutamia omia s\u00e4vellyksi\u00e4, sovituksia ja jopa sanoituksia on my\u00f6s syntynyt luonnostaan ajan kuluessa. Oma CD-levyni Garota de m\u00fasica eli &#8221;musiikkitytt\u00f6&#8221; ilmestyi maaliskuussa 2016, ja levyj\u00e4\u00a0voi ostaa minulta 10 \u20ac\/kpl (+ postikulut). \u00c4\u00e4nitteell\u00e4 on tanssi- ja muutakin musiikkia, my\u00f6s omia s\u00e4vellyksi\u00e4. [&hellip;]<\/p>\n","protected":false},"author":1,"featured_media":0,"parent":0,"menu_order":3,"comment_status":"closed","ping_status":"closed","template":"","meta":[],"_links":{"self":[{"href":"https:\/\/tainalaiho.fi\/index.php?rest_route=\/wp\/v2\/pages\/45"}],"collection":[{"href":"https:\/\/tainalaiho.fi\/index.php?rest_route=\/wp\/v2\/pages"}],"about":[{"href":"https:\/\/tainalaiho.fi\/index.php?rest_route=\/wp\/v2\/types\/page"}],"author":[{"embeddable":true,"href":"https:\/\/tainalaiho.fi\/index.php?rest_route=\/wp\/v2\/users\/1"}],"replies":[{"embeddable":true,"href":"https:\/\/tainalaiho.fi\/index.php?rest_route=%2Fwp%2Fv2%2Fcomments&post=45"}],"version-history":[{"count":131,"href":"https:\/\/tainalaiho.fi\/index.php?rest_route=\/wp\/v2\/pages\/45\/revisions"}],"predecessor-version":[{"id":637,"href":"https:\/\/tainalaiho.fi\/index.php?rest_route=\/wp\/v2\/pages\/45\/revisions\/637"}],"wp:attachment":[{"href":"https:\/\/tainalaiho.fi\/index.php?rest_route=%2Fwp%2Fv2%2Fmedia&parent=45"}],"curies":[{"name":"wp","href":"https:\/\/api.w.org\/{rel}","templated":true}]}}