{"id":56,"date":"2015-07-06T12:30:18","date_gmt":"2015-07-06T12:30:18","guid":{"rendered":"http:\/\/tainalaiho.fi\/?page_id=56"},"modified":"2026-01-13T11:39:24","modified_gmt":"2026-01-13T11:39:24","slug":"56-2","status":"publish","type":"page","link":"https:\/\/tainalaiho.fi\/","title":{"rendered":"Ja harmonikka soi!"},"content":{"rendered":"<div id=\"attachment_89\" style=\"width: 360px\" class=\"wp-caption alignleft\"><a href=\"http:\/\/tainalaiho.fi\/wp-content\/uploads\/2015\/07\/LY5A2058-b.jpg\"><img aria-describedby=\"caption-attachment-89\" loading=\"lazy\" class=\"wp-image-89\" src=\"http:\/\/tainalaiho.fi\/wp-content\/uploads\/2015\/07\/LY5A2058-b.jpg\" alt=\"\" width=\"350\" height=\"525\" srcset=\"https:\/\/tainalaiho.fi\/wp-content\/uploads\/2015\/07\/LY5A2058-b.jpg 1920w, https:\/\/tainalaiho.fi\/wp-content\/uploads\/2015\/07\/LY5A2058-b-200x300.jpg 200w, https:\/\/tainalaiho.fi\/wp-content\/uploads\/2015\/07\/LY5A2058-b-683x1024.jpg 683w, https:\/\/tainalaiho.fi\/wp-content\/uploads\/2015\/07\/LY5A2058-b-624x936.jpg 624w\" sizes=\"(max-width: 350px) 100vw, 350px\" \/><\/a><p id=\"caption-attachment-89\" class=\"wp-caption-text\"><span style=\"color: #339966;\">Taina Laiho on turkulainen muusikko. Kuvat Antti Kev\u00e4tlahti.<\/span><\/p><\/div>\n<p><span style=\"color: #993300;\"><strong>Tule mukaan!<\/strong><\/span><\/p>\n<p><span style=\"color: #008000;\"><strong>Voimme n\u00e4hd\u00e4 mm. t\u00e4\u00e4ll\u00e4: <\/strong><\/span><\/p>\n<p><span style=\"color: #008000;\"><strong><span style=\"color: #000000;\">TI 8.10.2024 Kaarina-sali, KAARINA. LA 19.10.2024 Ruusukortteli, TURKU. PE 1.11.2024 Lietohalli, LIETO. SU 3.11.2024 Meri-Karinan hyvinvointikeskus, TURKU. PE 8.11.2024 Tuulentupa, KUSTAVI. PE 8.11.2024 Kristikka, TURKU. SU 17.11.2024 Tarmon talo, TURKU. KE 20.11.2024 Saga Kaskenpuisto, TURKU. TI 26.11.2024 Ruusukorttelin palvelukeskus, TURKU. SU 1.12.2024 Taivassalon kirkko, TAIVASSALO. TO 12.12.2024 Turun linnan kirkko, TURKU. TO 19.12.2024 Puutorin vessa, TURKU. SU 29.12.2024 Tarmon talo, TURKU. KE 1.1.2025 Teeriharju, SOMERO. SU 3.12.2025 nuorisoseurantalo, HALIKKO. PE 10.1.2025 Kristikka, TURKU. PE 17.1.2025 nuorisoseurantalo, HALIKKO. SU 26.1.2025 Tarmon talo, TURKU. KE 29.1.2025 Runosm\u00e4en monitoimitalo Riimi, TURKU. SU 9.2.2025 VPK, TURKU. PE 21.2.2025 Kristikka, TURKU. LA 8.3.2025 Keskustalo, KOTKA. PE 14.3.2025 Kristikka, TURKU. SU 16.3.2025 Tarmon talo, TURKU. SU 6.4.2025 Tarmon talo, TURKU. TI 22.4.2025 Ruusukortteli, TURKU. PE 25.4.2025 Kristikka, TURKU. SU 27.4.2025 Tarmon talo, TURKU. LA 3.5.2025 Yliskulman Nuorisoseurantalo, LIETO. LA 10.5.2025 Ruusukortteli, TURKU. LA 10.5.2025 Ty\u00f6v\u00e4entalo, LOIMAA. PE 16.5.2025 Littoisten lava, TURKU. SU 18.5.2025 Huvinummen lava, SALO. PE 23.5.2025 Kristikka, TURKU. TI 27.5.2025 Ruissalon kansanpuiston juhlasali, TURKU. LA 31.5.2025 Venesilta, TAMMELA. LA 7.6.2025 Esakallio, SOMERO. MA 9.6.2025 p\u00e4\u00e4kirjasto, TURKU. PE 20.6.2025 Lootholma, KUSTAVI. LA 21.6.2025 Lootholma, KUSTAVI. LA 5.7.2025 Silakrys\u00e4ys, TAIVASSALO. SU 6.7.2025 Aaholli, RYM\u00c4TTYL\u00c4. PE 18.7.2025 Savipaja, KUSTAVI. LA 26.7.2025 Helsinginranta, TAIVASSALO. PE 1.8.2025 Littoisten lava, TURKU. LA 2.8.2025 Tummam\u00e4en louhos, VEHMAA. SU 3.8.2025 Huvinummi, SOMERO. PE 8.8.2025 Ilmarinen, LIETO. LA 9.8.2025 Menosten lava, URJALA. MA 11.8.2025 p\u00e4\u00e4kirjasto, TURKU. TI 19.8.2025 p\u00e4\u00e4kirjasto, TURKU. PE 22.8.2025 Kristikka, TURKU. MA 25.8.2025 p\u00e4\u00e4kirjasto, TURKU. PE 5.9.2025 Littoisten lava, TURKU. KE 11.9.2025 Lehmusvalkama, TURKU. SU 14.9.2025 Huvinummi, SOMERO. SU 12.10.2025 Tarmon talo, TURKU. PE 24.8.2025 Kristikka, TURKU. SU 2.11.2025 Martinsali, RAISIO. PE 21.11.2025 Kristikka, TURKU. SU 23.11.2025 Tarmon talo, TURKU. KE 3.12.2025 Lehmusvalkama, TURKU. LA 20.122025 ty\u00f6v\u00e4entalo, LOIMAA. KE 24.-25.12.2025 Viking Grace, TURKU. TO 1.12.2026 Tarmon talo, TURKU. LA 3.1.2026 Taatan tupa, NOORMARKKU. TI 13.1.2026 Tuulentupa, KUSTAVI. TO 22.1.2026 j\u00e4rjest\u00f6jentalo, FORSSA. SU 1.3.2026 ty\u00f6v\u00e4enopisto, TURKU.<\/span><\/strong><\/span><\/p>\n<p>Jos tarvitset musiikkia, joka tuntuu syd\u00e4mess\u00e4, soita minulle, niin min\u00e4 soitan ja laulan sinulle: h\u00e4iss\u00e4, sukujuhlissa, tansseissa, syntym\u00e4p\u00e4ivill\u00e4 ja kaikenlaisissa tilaisuuksissa.<\/p>\n<p>Syd\u00e4menasiani on tarjota parasta, mit\u00e4 voin antaa. Musiikilla pit\u00e4\u00e4 koskettaa.<\/p>\n<p>Jo yli 30 vuoden kokemuksellani esiinnyn yksin, erilaisissa kokoonpanoissa duosta tanssiyhtyeisiin ja s\u00e4est\u00e4n laulajia, kuoroja ja tanssijoita, mit\u00e4 milloinkin toivotaan.<\/p>\n<p>Keikan hinta riippuu mm. esiintymisen kestosta ja toivelistan pituudesta ja on keskim\u00e4\u00e4rin 150 \u2013 200 \u20ac.<\/p>\n<p><a href=\"http:\/\/tainalaiho.fi\/wp-content\/uploads\/2015\/07\/LY5A2075-b.jpg\"><img loading=\"lazy\" class=\"alignright wp-image-78\" src=\"http:\/\/tainalaiho.fi\/wp-content\/uploads\/2015\/07\/LY5A2075-b.jpg\" alt=\"\" width=\"300\" height=\"450\" srcset=\"https:\/\/tainalaiho.fi\/wp-content\/uploads\/2015\/07\/LY5A2075-b.jpg 1920w, https:\/\/tainalaiho.fi\/wp-content\/uploads\/2015\/07\/LY5A2075-b-200x300.jpg 200w, https:\/\/tainalaiho.fi\/wp-content\/uploads\/2015\/07\/LY5A2075-b-683x1024.jpg 683w, https:\/\/tainalaiho.fi\/wp-content\/uploads\/2015\/07\/LY5A2075-b-624x936.jpg 624w\" sizes=\"(max-width: 300px) 100vw, 300px\" \/><\/a><\/p>\n<p>Ota yhteytt\u00e4:<\/p>\n<p>Taina Laiho<br \/>\np. 040 767 6363<br \/>\ntainatalvikki ( at ) gmail ( piste ) com<br \/>\nTmi TainaTalvikki<br \/>\ny-tunnus 1942831-4<\/p>\n","protected":false},"excerpt":{"rendered":"<p>Tule mukaan! Voimme n\u00e4hd\u00e4 mm. t\u00e4\u00e4ll\u00e4: TI 8.10.2024 Kaarina-sali, KAARINA. LA 19.10.2024 Ruusukortteli, TURKU. PE 1.11.2024 Lietohalli, LIETO. SU 3.11.2024 Meri-Karinan hyvinvointikeskus, TURKU. PE 8.11.2024 Tuulentupa, KUSTAVI. PE 8.11.2024 Kristikka, TURKU. SU 17.11.2024 Tarmon talo, TURKU. KE 20.11.2024 Saga Kaskenpuisto, TURKU. TI 26.11.2024 Ruusukorttelin palvelukeskus, TURKU. SU 1.12.2024 Taivassalon kirkko, TAIVASSALO. TO 12.12.2024 Turun linnan [&hellip;]<\/p>\n","protected":false},"author":1,"featured_media":0,"parent":0,"menu_order":0,"comment_status":"closed","ping_status":"closed","template":"page-templates\/full-width.php","meta":[],"_links":{"self":[{"href":"https:\/\/tainalaiho.fi\/index.php?rest_route=\/wp\/v2\/pages\/56"}],"collection":[{"href":"https:\/\/tainalaiho.fi\/index.php?rest_route=\/wp\/v2\/pages"}],"about":[{"href":"https:\/\/tainalaiho.fi\/index.php?rest_route=\/wp\/v2\/types\/page"}],"author":[{"embeddable":true,"href":"https:\/\/tainalaiho.fi\/index.php?rest_route=\/wp\/v2\/users\/1"}],"replies":[{"embeddable":true,"href":"https:\/\/tainalaiho.fi\/index.php?rest_route=%2Fwp%2Fv2%2Fcomments&post=56"}],"version-history":[{"count":156,"href":"https:\/\/tainalaiho.fi\/index.php?rest_route=\/wp\/v2\/pages\/56\/revisions"}],"predecessor-version":[{"id":641,"href":"https:\/\/tainalaiho.fi\/index.php?rest_route=\/wp\/v2\/pages\/56\/revisions\/641"}],"wp:attachment":[{"href":"https:\/\/tainalaiho.fi\/index.php?rest_route=%2Fwp%2Fv2%2Fmedia&parent=56"}],"curies":[{"name":"wp","href":"https:\/\/api.w.org\/{rel}","templated":true}]}}